{"id":1053,"date":"2024-09-05T11:19:59","date_gmt":"2024-09-05T11:19:59","guid":{"rendered":"https:\/\/mpcreformas.com\/?page_id=1053"},"modified":"2024-09-05T11:21:04","modified_gmt":"2024-09-05T11:21:04","slug":"elementor-1009-3","status":"publish","type":"page","link":"https:\/\/mpcreformas.com\/index.php\/elementor-1009-3\/","title":{"rendered":"Instalaciones"},"content":{"rendered":"\t\t<div data-elementor-type=\"wp-page\" data-elementor-id=\"1053\" class=\"elementor elementor-1053\">\n\t\t\t\t<div class=\"elementor-element elementor-element-1c4cb19 e-flex e-con-boxed e-con e-parent\" data-id=\"1c4cb19\" data-element_type=\"container\">\n\t\t\t\t\t<div class=\"e-con-inner\">\n\t\t\t\t<div class=\"elementor-element elementor-element-43269e7 elementor-widget elementor-widget-image\" data-id=\"43269e7\" data-element_type=\"widget\" data-widget_type=\"image.default\">\n\t\t\t\t<div class=\"elementor-widget-container\">\n\t\t\t<style>\/*! elementor - v3.23.0 - 05-08-2024 *\/\n.elementor-widget-image{text-align:center}.elementor-widget-image a{display:inline-block}.elementor-widget-image a img[src$=\".svg\"]{width:48px}.elementor-widget-image img{vertical-align:middle;display:inline-block}<\/style>\t\t\t\t\t\t\t\t\t\t<img decoding=\"async\" src=\"https:\/\/mpcreformas.com\/wp-content\/uploads\/2024\/09\/romaroma1723_circutos_de_instalaciones_electricas_y_aire_acondi_0fd598c5-8911-4f87-9bbe-3af0de7cbd4e.webp\" title=\"romaroma1723_circutos_de_instalaciones_electricas_y_aire_acondi_0fd598c5-8911-4f87-9bbe-3af0de7cbd4e\" alt=\"romaroma1723_circutos_de_instalaciones_electricas_y_aire_acondi_0fd598c5-8911-4f87-9bbe-3af0de7cbd4e\" loading=\"lazy\" \/>\t\t\t\t\t\t\t\t\t\t\t\t\t<\/div>\n\t\t\t\t<\/div>\n\t\t\t\t\t<\/div>\n\t\t\t\t<\/div>\n\t\t<div class=\"elementor-element elementor-element-39b8f25 e-flex e-con-boxed e-con e-parent\" data-id=\"39b8f25\" data-element_type=\"container\">\n\t\t\t\t\t<div class=\"e-con-inner\">\n\t\t\t\t<div class=\"elementor-element elementor-element-8668c59 elementor-widget elementor-widget-text-editor\" data-id=\"8668c59\" data-element_type=\"widget\" data-widget_type=\"text-editor.default\">\n\t\t\t\t<div class=\"elementor-widget-container\">\n\t\t\t<style>\/*! elementor - v3.23.0 - 05-08-2024 *\/\n.elementor-widget-text-editor.elementor-drop-cap-view-stacked .elementor-drop-cap{background-color:#69727d;color:#fff}.elementor-widget-text-editor.elementor-drop-cap-view-framed .elementor-drop-cap{color:#69727d;border:3px solid;background-color:transparent}.elementor-widget-text-editor:not(.elementor-drop-cap-view-default) .elementor-drop-cap{margin-top:8px}.elementor-widget-text-editor:not(.elementor-drop-cap-view-default) .elementor-drop-cap-letter{width:1em;height:1em}.elementor-widget-text-editor .elementor-drop-cap{float:left;text-align:center;line-height:1;font-size:50px}.elementor-widget-text-editor .elementor-drop-cap-letter{display:inline-block}<\/style>\t\t\t\t<p>En MPC Reformas, ofrecemos servicios de <strong>instalaci\u00f3n completos y profesionales<\/strong>, adaptados a las necesidades de cada cliente. Contamos con un equipo de t\u00e9cnicos especializados en cada \u00e1rea, asegurando la calidad, seguridad y cumplimiento de las normativas vigentes. Realizamos instalaciones tanto en viviendas particulares como en locales comerciales, siempre utilizando materiales de alta calidad y tecnolog\u00eda avanzada.<\/p>\n<h4><strong>Servicios que ofrecemos:<\/strong><\/h4>\n<ol>\n<li>\n<p><strong>Instalaciones El\u00e9ctricas<\/strong><\/p>\n<ul>\n<li><strong>Instalaciones nuevas<\/strong>: Dise\u00f1o e instalaci\u00f3n de sistemas el\u00e9ctricos en construcciones nuevas o reformas, cumpliendo con las normativas de seguridad.<\/li>\n<li><strong>Revisi\u00f3n y mejora de instalaciones existentes<\/strong>: Revisamos instalaciones antiguas para adaptarlas a los est\u00e1ndares actuales, mejorando la seguridad y eficiencia.<\/li>\n<li><strong>Sistemas de iluminaci\u00f3n<\/strong>: Instalaci\u00f3n de iluminaci\u00f3n general, decorativa y t\u00e9cnica, incluyendo iluminaci\u00f3n LED y sistemas dom\u00f3ticos.<\/li>\n<li><strong>Cuadros el\u00e9ctricos<\/strong>: Revisi\u00f3n, reparaci\u00f3n o instalaci\u00f3n de nuevos cuadros el\u00e9ctricos para garantizar un suministro seguro y eficiente.<\/li>\n<\/ul>\n<\/li>\n<li>\n<p><strong>Instalaciones de Fontaner\u00eda<\/strong><\/p>\n<ul>\n<li><strong>Instalaci\u00f3n de sistemas de agua<\/strong>: Instalaci\u00f3n de tuber\u00edas, sistemas de agua fr\u00eda y caliente, grifer\u00eda y sanitarios en cocinas, ba\u00f1os y exteriores.<\/li>\n<li><strong>Reparaci\u00f3n de fugas<\/strong>: Localizaci\u00f3n y reparaci\u00f3n de fugas de agua en tuber\u00edas, sistemas de riego o dep\u00f3sitos de agua.<\/li>\n<li><strong>Mantenimiento preventivo<\/strong>: Mantenimiento de redes de agua y saneamiento para evitar aver\u00edas o problemas a largo plazo.<\/li>\n<\/ul>\n<\/li>\n<li>\n<p><strong>Instalaciones de Climatizaci\u00f3n<\/strong><\/p>\n<ul>\n<li><strong>Aire acondicionado<\/strong>: Instalaci\u00f3n de sistemas de aire acondicionado, tanto split como por conductos, para viviendas y locales comerciales.<\/li>\n<li><strong>Sistemas de calefacci\u00f3n<\/strong>: Instalaci\u00f3n de radiadores, calderas, suelos radiantes y otros sistemas de calefacci\u00f3n eficientes.<\/li>\n<li><strong>Sistemas de ventilaci\u00f3n<\/strong>: Instalaci\u00f3n de extractores y sistemas de ventilaci\u00f3n para mejorar la calidad del aire en interiores.<\/li>\n<li><strong>Bombas de calor<\/strong>: Instalaci\u00f3n de bombas de calor como soluci\u00f3n eficiente para climatizaci\u00f3n, calefacci\u00f3n y agua caliente sanitaria.<\/li>\n<\/ul>\n<\/li>\n<li>\n<p><strong>Energ\u00edas Renovables<\/strong><\/p>\n<ul>\n<li><strong>Paneles solares<\/strong>: Instalaci\u00f3n de paneles solares fotovoltaicos para la generaci\u00f3n de energ\u00eda el\u00e9ctrica o paneles solares t\u00e9rmicos para agua caliente.<\/li>\n<li><strong>Aerotermia y geotermia<\/strong>: Sistemas de climatizaci\u00f3n sostenibles basados en el aprovechamiento de fuentes de energ\u00eda renovable, como el aire o la tierra.<\/li>\n<li><strong>Sistemas de acumulaci\u00f3n de energ\u00eda<\/strong>: Instalaci\u00f3n de bater\u00edas y sistemas de almacenamiento para maximizar el aprovechamiento de la energ\u00eda solar.<\/li>\n<\/ul>\n<\/li>\n<li>\n<p><strong>Instalaciones de Gas<\/strong><\/p>\n<ul>\n<li><strong>Instalaci\u00f3n y mantenimiento de sistemas de gas<\/strong>: Montaje de instalaciones de gas natural o propano para calefacci\u00f3n, agua caliente y cocinas.<\/li>\n<li><strong>Revisiones de seguridad<\/strong>: Realizamos inspecciones peri\u00f3dicas para garantizar el correcto funcionamiento de las instalaciones de gas, cumpliendo con las normativas vigentes.<\/li>\n<li><strong>Conversi\u00f3n de sistemas<\/strong>: Adaptaci\u00f3n de instalaciones existentes de gas a sistemas m\u00e1s eficientes y seguros.<\/li>\n<\/ul>\n<\/li>\n<li>\n<p><strong>Dom\u00f3tica y Hogar Inteligente<\/strong><\/p>\n<ul>\n<li><strong>Sistemas de automatizaci\u00f3n<\/strong>: Instalaci\u00f3n de soluciones dom\u00f3ticas para el control de luces, persianas, climatizaci\u00f3n y sistemas de seguridad desde cualquier dispositivo m\u00f3vil.<\/li>\n<li><strong>Integraci\u00f3n de sistemas<\/strong>: Unificamos todas las instalaciones de la vivienda o local en un sistema inteligente que permite optimizar el consumo energ\u00e9tico y mejorar el confort.<\/li>\n<li><strong>Seguridad y alarmas<\/strong>: Instalaci\u00f3n de sistemas de seguridad, c\u00e1maras de videovigilancia y alarmas conectadas para la protecci\u00f3n de tu hogar o negocio.<\/li>\n<\/ul>\n<\/li>\n<li>\n<p><strong>Sistemas de Seguridad<\/strong><\/p>\n<ul>\n<li><strong>C\u00e1maras y videovigilancia<\/strong>: Instalaci\u00f3n de sistemas de c\u00e1maras de seguridad para monitorear tanto exteriores como interiores.<\/li>\n<li><strong>Sistemas de alarma<\/strong>: Instalaci\u00f3n de alarmas anti-intrusi\u00f3n, conectadas a sistemas de seguridad remotos o locales.<\/li>\n<li><strong>Control de accesos<\/strong>: Soluciones para el control de accesos, como cerraduras electr\u00f3nicas, tarjetas de acceso o sistemas de reconocimiento biom\u00e9trico.<\/li>\n<\/ul>\n<\/li>\n<li>\n<p><strong>Mantenimiento y Revisi\u00f3n de Instalaciones<\/strong><\/p>\n<ul>\n<li><strong>Mantenimiento preventivo<\/strong>: Ofrecemos servicios de mantenimiento para garantizar que todas las instalaciones funcionen correctamente y evitar aver\u00edas.<\/li>\n<li><strong>Revisi\u00f3n y reparaci\u00f3n<\/strong>: Servicio de revisi\u00f3n y reparaci\u00f3n de cualquier tipo de instalaci\u00f3n para asegurar su correcto funcionamiento y eficiencia.<\/li>\n<\/ul>\n<\/li>\n<\/ol>\t\t\t\t\t\t<\/div>\n\t\t\t\t<\/div>\n\t\t\t\t\t<\/div>\n\t\t\t\t<\/div>\n\t\t\t\t<\/div>\n\t\t","protected":false},"excerpt":{"rendered":"<p>En MPC Reformas, ofrecemos servicios de instalaci\u00f3n completos y profesionales, adaptados a las necesidades de cada cliente. Contamos con un equipo de t\u00e9cnicos especializados en cada \u00e1rea, asegurando la calidad,<\/p>\n","protected":false},"author":1,"featured_media":0,"parent":0,"menu_order":0,"comment_status":"closed","ping_status":"closed","template":"","meta":{"footnotes":""},"class_list":["post-1053","page","type-page","status-publish","hentry"],"_links":{"self":[{"href":"https:\/\/mpcreformas.com\/index.php\/wp-json\/wp\/v2\/pages\/1053","targetHints":{"allow":["GET"]}}],"collection":[{"href":"https:\/\/mpcreformas.com\/index.php\/wp-json\/wp\/v2\/pages"}],"about":[{"href":"https:\/\/mpcreformas.com\/index.php\/wp-json\/wp\/v2\/types\/page"}],"author":[{"embeddable":true,"href":"https:\/\/mpcreformas.com\/index.php\/wp-json\/wp\/v2\/users\/1"}],"replies":[{"embeddable":true,"href":"https:\/\/mpcreformas.com\/index.php\/wp-json\/wp\/v2\/comments?post=1053"}],"version-history":[{"count":4,"href":"https:\/\/mpcreformas.com\/index.php\/wp-json\/wp\/v2\/pages\/1053\/revisions"}],"predecessor-version":[{"id":1061,"href":"https:\/\/mpcreformas.com\/index.php\/wp-json\/wp\/v2\/pages\/1053\/revisions\/1061"}],"wp:attachment":[{"href":"https:\/\/mpcreformas.com\/index.php\/wp-json\/wp\/v2\/media?parent=1053"}],"curies":[{"name":"wp","href":"https:\/\/api.w.org\/{rel}","templated":true}]}}